{"id":122,"date":"2025-01-21T16:39:12","date_gmt":"2025-01-21T16:39:12","guid":{"rendered":"https:\/\/laughing-wiles.93-90-200-180.plesk.page\/index.php\/galerie\/"},"modified":"2025-01-21T16:39:16","modified_gmt":"2025-01-21T16:39:16","slug":"galerie","status":"publish","type":"page","link":"https:\/\/laughing-wiles.93-90-200-180.plesk.page\/index.php\/galerie\/","title":{"rendered":"Galerie"},"content":{"rendered":"<div class=\"\" style=\"\" >\n  \n    <section class=\"u-clearfix u-palette-3-base u-valign-middle u-section-1\" id=\"sec-17f8\">\n      <div class=\"custom-expanded data-layout-selected u-clearfix u-gutter-50 u-layout-wrap u-layout-wrap-1\">\n        <div class=\"u-layout\">\n          <div class=\"u-layout-row\">\n            <div class=\"u-align-left u-container-align-left-lg u-container-align-left-md u-container-align-left-xl u-container-style u-layout-cell u-left-cell u-size-37-lg u-size-37-xl u-size-60-md u-size-60-sm u-size-60-xs u-layout-cell-1\">\n              <div class=\"u-container-layout u-container-layout-1\">\n                <div class=\"custom-expanded u-shape u-shape-svg u-text-palette-2-base u-shape-1\">\n                  <svg class=\"u-svg-link\" preserveAspectRatio=\"none\" viewBox=\"0 0 160 100\" style=\"\"><use xlink:href=\"#svg-9be1\"><\/use><\/svg>\n                  <svg class=\"u-svg-content\" viewBox=\"0 0 160 100\" x=\"0px\" y=\"0px\" id=\"svg-9be1\"><path d=\"M133,27.2c-13.9,9.9-25.8,9.9-39.8,0c-9.1-6.4-16.8-6.4-25.9,0c-13.8,9.8-25.1,9.8-38.9,0c-9.2-6.5-15.4-6.5-24.6,0L0,22.4\n\tc11.2-8,20.6-8.3,32.2,0c11,7.8,19,8.7,31.3,0c11.6-8.3,22.4-7.9,33.5,0c11.4,8.2,20.3,8.5,32.2,0c11.6-8.3,19.2-8.3,30.8,0\n\tl-3.8,4.8C146.9,20.6,142.3,20.6,133,27.2z M133,11c-13.9,9.9-25.8,9.9-39.8,0c-9.1-6.4-16.8-6.4-25.9,0c-13.8,9.8-25.1,9.8-38.9,0\n\tC19.2,4.5,13,4.5,3.8,11L0,6.2c11.2-8,20.6-8.3,32.2,0c11,7.8,19,8.7,31.3,0c11.6-8.3,22.4-7.9,33.5,0c11.4,8.2,20.3,8.5,32.2,0\n\tc11.6-8.3,19.2-8.3,30.8,0l-3.8,4.8C146.9,4.4,142.3,4.4,133,11z M32.2,38.8c11,7.8,19,8.7,31.3,0c11.6-8.3,22.4-7.9,33.5,0\n\tc11.4,8.2,20.3,8.5,32.2,0c11.6-8.3,19.2-8.3,30.8,0l-3.8,4.8c-9.3-6.6-13.9-6.6-23.3,0c-13.9,9.9-25.8,9.9-39.8,0\n\tc-9.1-6.4-16.8-6.4-25.9,0c-13.8,9.8-25.1,9.8-38.9,0c-9.2-6.5-15.4-6.5-24.6,0L0,38.8C11.2,30.8,20.6,30.5,32.2,38.8z M133,76.2\n\tc-13.9,9.9-25.8,9.9-39.8,0c-9.1-6.4-16.8-6.4-25.9,0c-13.8,9.8-25.1,9.8-38.9,0c-9.2-6.5-15.4-6.5-24.6,0L0,71.4\n\tc11.2-8,20.6-8.3,32.2,0c11,7.8,19,8.7,31.3,0c11.6-8.3,22.4-7.9,33.5,0c11.4,8.2,20.3,8.5,32.2,0c11.6-8.3,19.2-8.3,30.8,0\n\tl-3.8,4.8C146.9,69.6,142.3,69.6,133,76.2z M133,60c-13.9,9.9-25.8,9.9-39.8,0c-9.1-6.4-16.8-6.4-25.9,0c-13.8,9.8-25.1,9.8-38.9,0\n\tc-9.2-6.5-15.4-6.5-24.6,0L0,55.2c11.2-8,20.6-8.3,32.2,0c11,7.8,19,8.7,31.3,0c11.6-8.3,22.4-7.9,33.5,0c11.4,8.2,20.3,8.5,32.2,0\n\tc11.6-8.3,19.2-8.3,30.8,0l-3.8,4.8C146.9,53.4,142.3,53.4,133,60z M32.2,87.8c11,7.8,19,8.7,31.3,0c11.6-8.3,22.4-7.9,33.5,0\n\tc11.4,8.2,20.3,8.5,32.2,0c11.6-8.3,19.2-8.3,30.8,0l-3.8,4.8c-9.3-6.6-13.9-6.6-23.3,0c-13.9,9.9-25.8,9.9-39.8,0\n\tc-9.1-6.4-16.8-6.4-25.9,0c-13.8,9.8-25.1,9.8-38.9,0c-9.2-6.5-15.4-6.5-24.6,0L0,87.8C11.2,79.8,20.6,79.5,32.2,87.8z\"><\/path><\/svg>\n                <\/div>\n                <div class=\"u-expanded u-uploaded-video u-video u-video-contain-lg u-video-contain-xl u-video-cover-md u-video-cover-sm u-video-cover-xs\">\n                  <div class=\"embed-responsive\">\n                    <video class=\"embed-responsive-item\" data-autoplay=\"1\" loop=\"\" muted=\"1\" autoplay=\"autoplay\" playsinline=\"\">\n                      <source src=\"https:\/\/laughing-wiles.93-90-200-180.plesk.page\/wp-content\/uploads\/2025\/01\/flossbau-bodensee-galerie-videos.mp4\" type=\"video\/mp4\">\n                      <p>Your browser does not support HTML5 video.<\/p>\n                    <\/video>\n                  <\/div>\n                <\/div>\n              <\/div>\n            <\/div>\n            <div class=\"u-align-left u-container-align-left-lg u-container-align-left-md u-container-align-left-sm u-container-align-left-xl u-container-style u-layout-cell u-palette-1-base u-radius u-right-cell u-shape-round u-size-23-lg u-size-23-xl u-size-60-md u-size-60-sm u-size-60-xs u-layout-cell-2\">\n              <div class=\"u-container-layout u-valign-middle-xl u-valign-middle-xs u-valign-top-lg u-container-layout-2\">\n                <h2 class=\"u-align-left u-text u-text-1\">Galerie<\/h2>\n                <p class=\"u-align-left u-text u-text-2\"> Herzlich willkommen in unserer Galerie! Unser Flo\u00dfbau-Teamevent am Bodensee steht f\u00fcr Spa\u00df, Abenteuer und echten Teamgeist. Hier kannst du sehen, wie Teams zusammenarbeiten, sich neuen Herausforderungen stellen und dabei eine gro\u00dfartige Zeit haben. <\/p>\n                <a href=\"https:\/\/laughing-wiles.93-90-200-180.plesk.page\/index.php\/angebot-anfordern\/\" class=\"u-border-hover-palette-1-base u-border-palette-2-base u-btn u-button-style u-hover-palette-3-base u-palette-2-base u-text-hover-palette-4-base u-text-palette-4-base u-btn-1\" data-animation-name=\"pulse\" data-animation-duration=\"1000\" data-animation-delay=\"0\" data-animation-direction=\"\">angebot anfordern <\/a>\n              <\/div>\n            <\/div>\n          <\/div>\n        <\/div>\n      <\/div>\n    <\/section>\n    <section class=\"skrollable u-clearfix u-palette-1-base u-parallax u-section-2\" id=\"carousel_8b74\">\n      <div class=\"u-clearfix u-sheet u-valign-middle-xl u-sheet-1\">\n        <div class=\"u-expanded-width u-gallery u-layout-grid u-lightbox u-no-transition u-show-text-on-hover u-gallery-1\">\n          <div class=\"u-gallery-inner u-gallery-inner-1\">\n            <div class=\"u-effect-fade u-effect-hover-zoom u-gallery-item u-shape-rectangle\">\n              <div class=\"u-back-slide\" data-image-width=\"1024\" data-image-height=\"768\">\n                <img decoding=\"async\" class=\"u-back-image u-expanded\" src=\"https:\/\/laughing-wiles.93-90-200-180.plesk.page\/wp-content\/uploads\/2025\/01\/flossbau-bodensee-galerie-foto-4.png\" alt=\"\">\n              <\/div>\n              <div class=\"u-over-slide u-shading u-over-slide-1\"><\/div>\n            <\/div>\n            <div class=\"u-effect-fade u-effect-hover-zoom u-gallery-item u-shape-rectangle\">\n              <div class=\"u-back-slide\" data-image-width=\"4624\" data-image-height=\"3468\">\n                <img decoding=\"async\" class=\"u-back-image u-expanded\" src=\"https:\/\/laughing-wiles.93-90-200-180.plesk.page\/wp-content\/uploads\/2025\/01\/20230505_112216.jpg\">\n              <\/div>\n              <div class=\"u-over-slide u-shading u-over-slide-2\"><\/div>\n            <\/div>\n            <div class=\"u-effect-fade u-effect-hover-zoom u-gallery-item u-shape-rectangle\">\n              <div class=\"u-back-slide\" data-image-width=\"1024\" data-image-height=\"768\">\n                <img decoding=\"async\" class=\"u-back-image u-expanded\" src=\"https:\/\/laughing-wiles.93-90-200-180.plesk.page\/wp-content\/uploads\/2025\/01\/flossbau-bodensee-galerie-foto-5.png\" alt=\"\">\n              <\/div>\n              <div class=\"u-over-slide u-shading u-over-slide-3\"><\/div>\n            <\/div>\n            <div class=\"u-effect-fade u-effect-hover-zoom u-gallery-item u-shape-rectangle\">\n              <div class=\"u-back-slide\" data-image-width=\"1024\" data-image-height=\"768\">\n                <img decoding=\"async\" class=\"u-back-image u-expanded\" src=\"https:\/\/laughing-wiles.93-90-200-180.plesk.page\/wp-content\/uploads\/2025\/01\/flossbau-bodensee-galerie-foto-10.png\">\n              <\/div>\n              <div class=\"u-over-slide u-shading u-over-slide-4\"><\/div>\n            <\/div>\n            <div class=\"u-effect-fade u-effect-hover-zoom u-gallery-item u-shape-rectangle\">\n              <div class=\"u-back-slide\" data-image-width=\"1024\" data-image-height=\"768\">\n                <img decoding=\"async\" class=\"u-back-image u-expanded\" src=\"https:\/\/laughing-wiles.93-90-200-180.plesk.page\/wp-content\/uploads\/2025\/01\/flossbau-bodensee-galerie-foto-2.png\">\n              <\/div>\n              <div class=\"u-over-slide u-shading u-over-slide-5\"><\/div>\n            <\/div>\n            <div class=\"u-effect-fade u-effect-hover-zoom u-gallery-item u-shape-rectangle\">\n              <div class=\"u-back-slide\" data-image-width=\"1024\" data-image-height=\"768\">\n                <img decoding=\"async\" class=\"u-back-image u-expanded\" src=\"https:\/\/laughing-wiles.93-90-200-180.plesk.page\/wp-content\/uploads\/2025\/01\/flossbau-bodensee-galerie-foto-3.png\">\n              <\/div>\n              <div class=\"u-over-slide u-shading u-over-slide-6\"><\/div>\n            <\/div>\n            <div class=\"u-effect-fade u-effect-hover-zoom u-gallery-item u-shape-rectangle\">\n              <div class=\"u-back-slide\" data-image-width=\"1024\" data-image-height=\"768\">\n                <img decoding=\"async\" class=\"u-back-image u-expanded\" src=\"https:\/\/laughing-wiles.93-90-200-180.plesk.page\/wp-content\/uploads\/2025\/01\/flossbau-bodensee-galerie-foto-12.png\">\n              <\/div>\n              <div class=\"u-over-slide u-shading u-over-slide-7\"><\/div>\n            <\/div>\n            <div class=\"u-effect-fade u-effect-hover-zoom u-gallery-item u-shape-rectangle u-gallery-item-8\">\n              <div class=\"u-back-slide\" data-image-width=\"1024\" data-image-height=\"768\">\n                <img decoding=\"async\" class=\"u-back-image u-expanded\" src=\"https:\/\/laughing-wiles.93-90-200-180.plesk.page\/wp-content\/uploads\/2025\/01\/flossbau-bodensee-galerie-foto-1.png\">\n              <\/div>\n              <div class=\"u-over-slide u-shading u-over-slide-8\"><\/div>\n            <\/div>\n            <div class=\"u-effect-fade u-effect-hover-zoom u-gallery-item u-shape-rectangle u-gallery-item-9\">\n              <div class=\"u-back-slide\" data-image-width=\"1024\" data-image-height=\"768\">\n                <img decoding=\"async\" class=\"u-back-image u-expanded\" src=\"https:\/\/laughing-wiles.93-90-200-180.plesk.page\/wp-content\/uploads\/2025\/01\/flossbau-bodensee-galerie-foto-7.png\">\n              <\/div>\n              <div class=\"u-over-slide u-shading u-over-slide-9\"><\/div>\n            <\/div>\n            <div class=\"u-effect-fade u-effect-hover-zoom u-gallery-item u-shape-rectangle\" data-image-width=\"2048\" data-image-height=\"1532\">\n              <div class=\"u-back-slide\">\n                <img decoding=\"async\" class=\"u-back-image u-expanded\" src=\"https:\/\/laughing-wiles.93-90-200-180.plesk.page\/wp-content\/uploads\/2025\/01\/WhatsAppImage2024-06-30at19.50.121.jpeg\">\n              <\/div>\n              <div class=\"u-over-slide u-shading u-over-slide-10\"><\/div>\n            <\/div>\n            <div class=\"u-effect-fade u-effect-hover-zoom u-gallery-item u-shape-rectangle\" data-image-width=\"3024\" data-image-height=\"4032\">\n              <div class=\"u-back-slide\">\n                <img decoding=\"async\" class=\"u-back-image u-expanded\" src=\"https:\/\/laughing-wiles.93-90-200-180.plesk.page\/wp-content\/uploads\/2025\/01\/IMG_6838.jpeg\">\n              <\/div>\n              <div class=\"u-over-slide u-shading u-over-slide-11\"><\/div>\n            <\/div>\n            <div class=\"u-effect-fade u-effect-hover-zoom u-gallery-item u-shape-rectangle\" data-image-width=\"4032\" data-image-height=\"3024\">\n              <div class=\"u-back-slide\">\n                <img decoding=\"async\" class=\"u-back-image u-expanded\" src=\"https:\/\/laughing-wiles.93-90-200-180.plesk.page\/wp-content\/uploads\/2025\/01\/IMG_6494.jpeg\">\n              <\/div>\n              <div class=\"u-over-slide u-shading u-over-slide-12\"><\/div>\n            <\/div>\n            <div class=\"u-effect-fade u-effect-hover-zoom u-gallery-item u-shape-rectangle\" data-image-width=\"4032\" data-image-height=\"3024\">\n              <div class=\"u-back-slide\">\n                <img decoding=\"async\" class=\"u-back-image u-expanded\" src=\"https:\/\/laughing-wiles.93-90-200-180.plesk.page\/wp-content\/uploads\/2025\/01\/IMG_6494.jpg\">\n              <\/div>\n              <div class=\"u-over-slide u-shading u-over-slide-13\"><\/div>\n            <\/div>\n            <div class=\"u-effect-fade u-effect-hover-zoom u-gallery-item u-shape-rectangle\" data-image-width=\"4032\" data-image-height=\"3024\">\n              <div class=\"u-back-slide\">\n                <img decoding=\"async\" class=\"u-back-image u-expanded\" src=\"https:\/\/laughing-wiles.93-90-200-180.plesk.page\/wp-content\/uploads\/2025\/01\/IMG_29251.jpeg\">\n              <\/div>\n              <div class=\"u-over-slide u-shading u-over-slide-14\"><\/div>\n            <\/div>\n            <div class=\"u-effect-fade u-effect-hover-zoom u-gallery-item u-shape-rectangle\" data-image-width=\"3024\" data-image-height=\"4032\">\n              <div class=\"u-back-slide\">\n                <img decoding=\"async\" class=\"u-back-image u-expanded\" src=\"https:\/\/laughing-wiles.93-90-200-180.plesk.page\/wp-content\/uploads\/2025\/01\/IMG_6832.jpg\">\n              <\/div>\n              <div class=\"u-over-slide u-shading u-over-slide-15\"><\/div>\n            <\/div>\n            <div class=\"u-effect-fade u-effect-hover-zoom u-gallery-item u-shape-rectangle\" data-image-width=\"4032\" data-image-height=\"3024\">\n              <div class=\"u-back-slide\">\n                <img decoding=\"async\" class=\"u-back-image u-expanded\" src=\"https:\/\/laughing-wiles.93-90-200-180.plesk.page\/wp-content\/uploads\/2025\/01\/IMG_6813.jpeg\">\n              <\/div>\n              <div class=\"u-over-slide u-shading u-over-slide-16\"><\/div>\n            <\/div>\n            <div class=\"u-effect-fade u-effect-hover-zoom u-gallery-item u-shape-rectangle\" data-image-width=\"4032\" data-image-height=\"3024\">\n              <div class=\"u-back-slide\">\n                <img decoding=\"async\" class=\"u-back-image u-expanded\" src=\"https:\/\/laughing-wiles.93-90-200-180.plesk.page\/wp-content\/uploads\/2025\/01\/IMG_6459.jpg\">\n              <\/div>\n              <div class=\"u-over-slide u-shading u-over-slide-17\"><\/div>\n            <\/div>\n            <div class=\"u-effect-fade u-effect-hover-zoom u-gallery-item u-shape-rectangle\" data-image-width=\"4032\" data-image-height=\"3024\">\n              <div class=\"u-back-slide\">\n                <img decoding=\"async\" class=\"u-back-image u-expanded\" src=\"https:\/\/laughing-wiles.93-90-200-180.plesk.page\/wp-content\/uploads\/2025\/01\/IMG_6812.jpeg\">\n              <\/div>\n              <div class=\"u-over-slide u-shading u-over-slide-18\"><\/div>\n            <\/div>\n            <div class=\"u-effect-fade u-effect-hover-zoom u-gallery-item u-shape-rectangle\" data-image-width=\"3024\" data-image-height=\"4032\">\n              <div class=\"u-back-slide\">\n                <img decoding=\"async\" class=\"u-back-image u-expanded\" src=\"https:\/\/laughing-wiles.93-90-200-180.plesk.page\/wp-content\/uploads\/2025\/01\/IMG_6442.jpg\">\n              <\/div>\n              <div class=\"u-over-slide u-shading u-over-slide-19\"><\/div>\n            <\/div>\n            <div class=\"u-effect-fade u-effect-hover-zoom u-gallery-item u-shape-rectangle\" data-image-width=\"4000\" data-image-height=\"3000\">\n              <div class=\"u-back-slide\">\n                <img decoding=\"async\" class=\"u-back-image u-expanded\" src=\"https:\/\/laughing-wiles.93-90-200-180.plesk.page\/wp-content\/uploads\/2025\/01\/20230505_112308.jpg\">\n              <\/div>\n              <div class=\"u-over-slide u-shading u-over-slide-20\"><\/div>\n            <\/div>\n            <div class=\"u-effect-fade u-effect-hover-zoom u-gallery-item u-shape-rectangle\" data-image-width=\"4000\" data-image-height=\"3000\">\n              <div class=\"u-back-slide\">\n                <img decoding=\"async\" class=\"u-back-image u-expanded\" src=\"https:\/\/laughing-wiles.93-90-200-180.plesk.page\/wp-content\/uploads\/2025\/01\/20230505_1123071.jpg\">\n              <\/div>\n              <div class=\"u-over-slide u-shading u-over-slide-21\"><\/div>\n            <\/div>\n          <\/div>\n        <\/div>\n      <\/div>\n    <\/section>\n    \n    \n    \n    \n    \n    \n  \n<\/div>","protected":false},"excerpt":{"rendered":"<p>Your browser does not support HTML5 video. Galerie Herzlich willkommen in unserer Galerie! Unser Flo\u00dfbau-Teamevent am Bodensee steht f\u00fcr Spa\u00df, Abenteuer und echten Teamgeist. Hier kannst du sehen, wie Teams zusammenarbeiten, sich neuen Herausforderungen stellen und dabei eine gro\u00dfartige Zeit haben. angebot anfordern<\/p>\n","protected":false},"author":1,"featured_media":0,"parent":0,"menu_order":8,"comment_status":"closed","ping_status":"closed","template":"","meta":{"footnotes":""},"class_list":["post-122","page","type-page","status-publish","hentry"],"_links":{"self":[{"href":"https:\/\/laughing-wiles.93-90-200-180.plesk.page\/index.php\/wp-json\/wp\/v2\/pages\/122","targetHints":{"allow":["GET"]}}],"collection":[{"href":"https:\/\/laughing-wiles.93-90-200-180.plesk.page\/index.php\/wp-json\/wp\/v2\/pages"}],"about":[{"href":"https:\/\/laughing-wiles.93-90-200-180.plesk.page\/index.php\/wp-json\/wp\/v2\/types\/page"}],"author":[{"embeddable":true,"href":"https:\/\/laughing-wiles.93-90-200-180.plesk.page\/index.php\/wp-json\/wp\/v2\/users\/1"}],"replies":[{"embeddable":true,"href":"https:\/\/laughing-wiles.93-90-200-180.plesk.page\/index.php\/wp-json\/wp\/v2\/comments?post=122"}],"version-history":[{"count":1,"href":"https:\/\/laughing-wiles.93-90-200-180.plesk.page\/index.php\/wp-json\/wp\/v2\/pages\/122\/revisions"}],"predecessor-version":[{"id":138,"href":"https:\/\/laughing-wiles.93-90-200-180.plesk.page\/index.php\/wp-json\/wp\/v2\/pages\/122\/revisions\/138"}],"wp:attachment":[{"href":"https:\/\/laughing-wiles.93-90-200-180.plesk.page\/index.php\/wp-json\/wp\/v2\/media?parent=122"}],"curies":[{"name":"wp","href":"https:\/\/api.w.org\/{rel}","templated":true}]}}