{"id":121,"date":"2025-01-21T16:39:11","date_gmt":"2025-01-21T16:39:11","guid":{"rendered":"https:\/\/laughing-wiles.93-90-200-180.plesk.page\/index.php\/alternative-teamevents\/"},"modified":"2025-01-21T16:39:16","modified_gmt":"2025-01-21T16:39:16","slug":"alternative-teamevents","status":"publish","type":"page","link":"https:\/\/laughing-wiles.93-90-200-180.plesk.page\/index.php\/alternative-teamevents\/","title":{"rendered":"Alternative Teamevents"},"content":{"rendered":"<div class=\"\" style=\"\" >\n  \n    <section class=\"u-align-center u-clearfix u-container-align-center u-section-1\" id=\"sec-d48a\">\n      <div class=\"u-clearfix u-sheet u-sheet-1\">\n        <h1 class=\"u-text u-text-default u-title u-text-1\">Outdoor <span class=\"u-text-palette-2-base\">Alternativen<\/span>\n        <\/h1>\n        <p class=\"u-text u-text-2\"> Entdecken Sie vielseitige Teamevents, die garantiert in Erinnerung bleiben! Ob spannende Outdoor-Abenteuer an der frischen Luft oder kreative Indoor-Alternativen bei schlechtem Wetter \u2013 hier finden Sie ma\u00dfgeschneiderte Erlebnisse, die Teamgeist, Spa\u00df und unvergessliche Momente verbinden. <\/p>\n        <div class=\"data-layout-selected u-clearfix u-expanded-width u-gutter-10 u-layout-wrap u-layout-wrap-1\">\n          <div class=\"u-layout\">\n            <div class=\"u-layout-col\">\n              <div class=\"u-size-30\">\n                <div class=\"u-layout-row\">\n                  <div class=\"u-container-style u-image u-layout-cell u-left-cell u-size-30 u-image-1\" src=\"\" data-image-width=\"1280\" data-image-height=\"853\" data-animation-name=\"customAnimationIn\" data-animation-duration=\"1000\" data-animation-delay=\"0\" style=\"background-image: url(&quot;https:\/\/laughing-wiles.93-90-200-180.plesk.page\/wp-content\/uploads\/2025\/01\/4a9784621f7daad6a86d28f71379c11cffac00cf109c2ab19861a45063b4a21758d9553b1fb83bfd962a2af2d8197e571466a5c777777d9e985e60_1280.jpg&quot;);\">\n                    <div class=\"u-container-layout u-valign-middle u-container-layout-1\"><\/div>\n                  <\/div>\n                  <div class=\"u-align-left u-container-align-left u-container-style u-layout-cell u-right-cell u-size-30 u-layout-cell-2\">\n                    <div class=\"u-container-layout u-container-layout-2\">\n                      <h2 class=\"u-text u-text-palette-2-base u-text-3\"> Kanutouren &amp; Kajaktouren<\/h2>\n                      <p class=\"u-text u-text-4\"> Planen Sie ein Firmenevent mit Erlebnischarakter? Unsere Kanutouren in S\u00fcddeutschland, \u00d6sterreich und der Schweiz bieten unvergessliche Outdoor-Erlebnisse und st\u00e4rken den Teamgeist. Egal ob actionreiche Verfolgungsfahrten auf Sit-On-Tops oder entspanntes Gleiten in Kanadiern \u2013 wir gestalten die Tour nach euren W\u00fcnschen. Dauer, Strecke und Schwierigkeitsgrad passen wir individuell an. <br> Nach einer kurzen Einweisung durch unsere erfahrenen Coaches erlernt ihr die Paddeltechnik und verbringt einen ereignisreichen Tag auf dem Wasser. Pausen und ein optionaler Ap\u00e9ro am Ende sorgen f\u00fcr einen rundum gelungenen Abschluss. Kontaktieren Sie uns f\u00fcr die Planung eures Teamevents \u2013 wir freuen uns auf Ihre Anfrage!<br>\n                        <br>\u25aa Planung &amp; Durchf\u00fchrung der Kanu- &amp; Kajaktouren in Deutschland, \u00d6sterreich, Schweiz<br>\u25aa Inklusive Equipment, Sicherheitsausr\u00fcstung, Fahrzeugen, Anh\u00e4nger etc.<br>\u25aa Betreuung durch mehrsprachige, erfahrene und ausgebildete Tourenleiter und Guides<br>\u25aa Durchf\u00fchrbar mit 10 \u2013 80 Teilnehmenden, Zeitplanung ca. 2-5 Stunden<br>\u25aa Geeignet f\u00fcr Firmenevents, Betriebsausfl\u00fcge oder viele weitere Anl\u00e4sse&nbsp;\n                      <\/p>\n                    <\/div>\n                  <\/div>\n                <\/div>\n              <\/div>\n              <div class=\"u-size-30\">\n                <div class=\"u-layout-row\">\n                  <div class=\"u-align-left u-container-align-left u-container-style u-layout-cell u-left-cell u-size-30 u-layout-cell-3\">\n                    <div class=\"u-container-layout u-container-layout-3\">\n                      <h2 class=\"u-text u-text-palette-2-base u-text-5\"> Bogenschiessen<\/h2>\n                      <p class=\"u-text u-text-6\"> Das Bogenschie\u00dfen, eine der \u00e4ltesten Jagdformen, ist heute eine beliebte Pr\u00e4zisionssportart, die Ruhe und Konzentration erfordert. In unserem Workshop k\u00f6nnt ihr verschiedene B\u00f6gen ausprobieren und eure Geschicklichkeit testen. <br> Die intuitiven \u00dcbungen erm\u00f6glichen schnelle Erfolge \u2013 ob im Wettkampf oder als Teamanalyse. Dabei stehen Konzentration, K\u00f6rper-Geist-Zusammenspiel und Teamspirit im Fokus. <br> Nach dem Motto \u201eZiele haben \u2013 Ziele treffen\u201c wird das Event zu einem unvergesslichen Outdoor-Erlebnis. F\u00fcr weitere Details und Inspiration kontaktiert uns gerne \u2013 wir freuen uns auf eure Anfrage!&nbsp;\n                      <\/p>\n                    <\/div>\n                  <\/div>\n                  <div class=\"u-container-style u-image u-layout-cell u-right-cell u-size-30 u-image-2\" src=\"\" data-image-width=\"1280\" data-image-height=\"719\" data-animation-name=\"customAnimationIn\" data-animation-duration=\"1000\" data-animation-delay=\"0\" style=\"background-image: url(&quot;https:\/\/laughing-wiles.93-90-200-180.plesk.page\/wp-content\/uploads\/2025\/01\/c218ef6a325b1e9de2dcfd8a00246ea20691b9c7f42f14523a25b191d2b86ba37dfdb33a909f8f7b984f3a3c4ee533bfc1c6d5658d2b70e89cee1a_1280.jpg&quot;);\">\n                    <div class=\"u-container-layout u-valign-middle u-container-layout-4\"><\/div>\n                  <\/div>\n                <\/div>\n              <\/div>\n            <\/div>\n          <\/div>\n        <\/div>\n      <\/div>\n    <\/section>\n    <section class=\"u-align-center u-clearfix u-container-align-center u-section-2\" id=\"carousel_9cea\">\n      <div class=\"u-clearfix u-sheet u-valign-middle u-sheet-1\">\n        <div class=\"data-layout-selected u-clearfix u-expanded-width u-gutter-10 u-layout-wrap u-layout-wrap-1\">\n          <div class=\"u-layout\">\n            <div class=\"u-layout-col\">\n              <div class=\"u-size-30\">\n                <div class=\"u-layout-row\">\n                  <div class=\"u-container-style u-image u-layout-cell u-left-cell u-size-30 u-image-1\" src=\"\" data-image-width=\"1280\" data-image-height=\"853\" data-animation-name=\"customAnimationIn\" data-animation-duration=\"1000\" data-animation-delay=\"0\" style=\"background-image: url(&quot;https:\/\/laughing-wiles.93-90-200-180.plesk.page\/wp-content\/uploads\/2025\/01\/7729f0553f96c10cec6b1959ee2e837ce6fdc893f123ad90cce4ec76841a831f7faf93d421d808283a9ac716583852521e3e17ee9589014dbd7dc1_1280.jpg&quot;);\">\n                    <div class=\"u-container-layout u-valign-middle u-container-layout-1\"><\/div>\n                  <\/div>\n                  <div class=\"u-align-left u-container-align-left u-container-style u-layout-cell u-right-cell u-size-30 u-layout-cell-2\">\n                    <div class=\"u-container-layout u-container-layout-2\">\n                      <h2 class=\"u-text u-text-palette-2-base u-text-1\"> Ap\u00e9ro oder Vesper<\/h2>\n                      <p class=\"u-text u-text-2\">\n                        <span style=\"font-weight: 700;\"> Vesper-Option<\/span>\n                        <br>(ab CHF 35.-\/ Person: buchbar ab 15 Personen oder zum Mindestpauschalpreis von CHF 525,- zzgl. MwSt.)<br>\u2022 2 belegte Br\u00f6tchen<br>\u2022 1 Apfel<br>\u2022 1 Schokoriegel<br>\u2022 Mineralwasser &amp; Apfelschorle \"all you can drink\"<br>\u2022 Vegan + vegetarisch immer mit dabei; glutenfrei auf Anfrage<br>\n                        <br>\n                        <span style=\"font-weight: 700;\">Ap\u00e9ro-Option<\/span>\n                        <br>(ab CHF 29.- \/ Person zzgl. MwSt.)<br>\u2022 Alkoholfreie Getr\u00e4nke<br>\u2022 Bier \/ Sekt (alkoholfrei vor dem Event) \/Orangensaft<br>\u2022 Snacks<br>\u2022 Gem\u00fctliche Picknickdecke wird bereitgestellt<br>\u2022 Auf Wunsch Obstkorb o.\u00e4. nach Absprache\n                      <\/p>\n                    <\/div>\n                  <\/div>\n                <\/div>\n              <\/div>\n              <div class=\"u-size-30\">\n                <div class=\"u-layout-row\">\n                  <div class=\"u-align-left u-container-align-left u-container-style u-layout-cell u-left-cell u-size-30 u-layout-cell-3\">\n                    <div class=\"u-container-layout u-valign-top u-container-layout-3\">\n                      <h2 class=\"u-text u-text-palette-2-base u-text-3\"> Geocaching<\/h2>\n                      <p class=\"u-text u-text-4\"> Falls es Ihnen an und auf dem Wasser zu k\u00fchl sein sollte, Sie dennoch nach einem Teamevent im Freien<br>suchen, empfehlen wir Ihnen Geocaching:<br>Was fr\u00fcher eine Schnitzeljagd war, ist heute ein Orientierungslauf oder Geocaching, erweitert mit<br>Komponenten wie z.B. Teamaufgaben und kreativem Freiraum.<br>Die Gruppe wird auf die Aktion Orientierungslauf von den Guides vorbereitet. Anschliessend bekommen die<br>Teilnehmer eine ausf\u00fchrliche Einf\u00fchrung in die nat\u00fcrliche Orientierung und das Zurechtfinden in der Natur<br>mit GPS, Karte und Kompass.<br>Danach geht es los in die wundersch\u00f6ne Natur: In Kleingruppen m\u00fcssen nun verschiedene Aufgaben gel\u00f6st<br>werden.<br>Diese Methode ist optimal f\u00fcr Gruppen, die Naturerlebnisse, Kommunikation und Zusammenarbeit,<br>Kniffliges und Kreativit\u00e4t mit Spass und Spannung verbinden m\u00f6chten.\n                      <\/p>\n                    <\/div>\n                  <\/div>\n                  <div class=\"u-container-style u-image u-layout-cell u-right-cell u-size-30 u-image-2\" src=\"\" data-image-width=\"1280\" data-image-height=\"960\" data-animation-name=\"customAnimationIn\" data-animation-duration=\"1000\" data-animation-delay=\"0\" style=\"background-image: url(&quot;https:\/\/laughing-wiles.93-90-200-180.plesk.page\/wp-content\/uploads\/2025\/01\/f7a4bd117b6370bf50e92e5ed99bfcecb42fa3ed573e1c7adf3bbcc73a37486aadba0c9e37dff8cf4fb7541b1091062ef52717a26ca0d5c39a3242_1280.jpg&quot;);\">\n                    <div class=\"u-container-layout u-valign-middle u-container-layout-4\"><\/div>\n                  <\/div>\n                <\/div>\n              <\/div>\n            <\/div>\n          <\/div>\n        <\/div>\n      <\/div>\n    <\/section>\n    <section class=\"u-align-center u-clearfix u-container-align-center u-section-3\" id=\"carousel_4099\">\n      <div class=\"u-clearfix u-sheet u-valign-middle-sm u-valign-middle-xs u-sheet-1\">\n        <h1 class=\"u-text u-text-default u-title u-text-1\">Indoor <span class=\"u-text-palette-2-base\">Alternativen<\/span>\n        <\/h1>\n        <p class=\"u-align-center u-text u-text-2\"> Schlechtes Wetter gibt es bekanntlich nicht, nur schlechte Bekleidung. Dennoch haben wir eine Alternative f\u00fcr Sie und Ihre Gruppe, wenn das Wetter v\u00f6llig verr\u00fcckt spielen sollte und Sie ein fixes Datum f\u00fcr Ihr Event ben\u00f6tigen. Viele unserer Eventbausteine lassen sich hervorragend indoor durchf\u00fchren. So sind Sie immer auf der sicheren Seite, dass Ihr Event durchf\u00fchrbar ist. F\u00fcr eine zus\u00e4tzliche Aufwandspauschale von 25 % des Event Gesamtpreises, die direkt bei der Buchung Ihres Wunschevents f\u00e4llig ist, reservieren wir Ihnen zus\u00e4tzliches Indoor-Equipment und entsprechende Coaches. Bitte beachten Sie, dass die Indoor-R\u00e4umlichkeiten vom Kunden bereitgestellt werden m\u00fcssen.<\/p>\n        <div class=\"data-layout-selected u-clearfix u-expanded-width u-gutter-10 u-layout-wrap u-layout-wrap-1\">\n          <div class=\"u-layout\">\n            <div class=\"u-layout-col\">\n              <div class=\"u-size-30\">\n                <div class=\"u-layout-row\">\n                  <div class=\"u-container-style u-image u-layout-cell u-left-cell u-size-30 u-image-1\" src=\"\" data-image-width=\"1280\" data-image-height=\"853\" data-animation-name=\"customAnimationIn\" data-animation-duration=\"1000\" data-animation-delay=\"0\" style=\"background-image: url(&quot;https:\/\/laughing-wiles.93-90-200-180.plesk.page\/wp-content\/uploads\/2025\/01\/80068db3de6c35640239b71a28a7c7cd121c88a6e06ad6e08cb720a0e3735b1801ba14b5234dc2a2cf1c43a3bf8182d0a375d7b97068ad31e873c6_1280.jpg&quot;);\">\n                    <div class=\"u-container-layout u-valign-middle u-container-layout-1\"><\/div>\n                  <\/div>\n                  <div class=\"u-align-left u-container-align-left u-container-style u-layout-cell u-right-cell u-size-30 u-layout-cell-2\">\n                    <div class=\"u-container-layout u-container-layout-2\">\n                      <h2 class=\"u-text u-text-palette-2-base u-text-3\"> Indoor Team-Aufgaben <\/h2>\n                      <p class=\"u-text u-text-4\"> Hierbei handelt es sich um verschiedene Aufgaben, die gemeinsam gel\u00f6st werden m\u00fcssen. Ob als<br>Aufw\u00e4rmspiel oder als kniffliges R\u00e4tsel, gerne beraten wir Sie vorab pers\u00f6nlich.\n                      <\/p>\n                    <\/div>\n                  <\/div>\n                <\/div>\n              <\/div>\n              <div class=\"u-size-30\">\n                <div class=\"u-layout-row\">\n                  <div class=\"u-align-left u-container-align-left u-container-style u-layout-cell u-left-cell u-size-30 u-layout-cell-3\">\n                    <div class=\"u-container-layout u-container-layout-3\">\n                      <h2 class=\"u-text u-text-palette-2-base u-text-5\">Lego Serious Play&nbsp;<\/h2>\n                      <p class=\"u-text u-text-6\"> Am International Insttitute for Management<br>Development in Lausanne entwickelt, soll<br>Lego Serious Play (LSP) die Kommunikation<br>und Probleml\u00f6sungsf\u00e4higkeit in Teams und<br>Gruppen verbessern. In einem begleiteten<br>Prozess werden Strategien und Ideen<br>greifbar gemacht. Zentrale aufeinander<br>aufbauende Ziele sind dabei, die Beteiligung,<br>\n                        <br>das gemeinsam erlangte Wissen und das Erreichen neuer Ideen und Perspektiven.<br>Ideal f\u00fcr die Bereiche:<br>\u2022 Teamarbeit<br>\u2022 Projektmanagement<br>\u2022 Change Management<br>\u2022 Brandmanagement<br>\u2022 Forschung und Lehre<br>\u2022 Einfach, um miteinander Spass zu haben\n                      <\/p>\n                    <\/div>\n                  <\/div>\n                  <div class=\"u-container-style u-image u-layout-cell u-right-cell u-size-30 u-image-2\" src=\"\" data-image-width=\"1280\" data-image-height=\"851\" data-animation-name=\"customAnimationIn\" data-animation-duration=\"1000\" data-animation-delay=\"0\" style=\"background-image: url(&quot;https:\/\/laughing-wiles.93-90-200-180.plesk.page\/wp-content\/uploads\/2025\/01\/ce7f009d398c017606a0d8a176cd6b45aad93a7b24ab3c86a99f93e41e8968de7b2b3598ef37a79b1d08be72669345afdbecd13a2148228def53a7_1280.jpg&quot;);\">\n                    <div class=\"u-container-layout u-valign-middle u-container-layout-4\"><\/div>\n                  <\/div>\n                <\/div>\n              <\/div>\n            <\/div>\n          <\/div>\n        <\/div>\n        <div class=\"data-layout-selected u-clearfix u-expanded-width u-gutter-10 u-layout-wrap u-layout-wrap-2\">\n          <div class=\"u-gutter-0 u-layout\">\n            <div class=\"u-layout-row\">\n              <div class=\"u-container-style u-image u-layout-cell u-size-30 u-image-3\" data-image-width=\"1280\" data-image-height=\"853\" data-animation-name=\"customAnimationIn\" data-animation-duration=\"1000\" data-animation-delay=\"0\" style=\"background-image: url(&quot;https:\/\/laughing-wiles.93-90-200-180.plesk.page\/wp-content\/uploads\/2025\/01\/793eca96c359d0f3bfc8bb9f5b147dbd5edf7550525aa84bced1587647e33b7eb9b1166f76a8733e99b10a4ef97e059a76cf3beb5c362ba1e4587a_1280.jpg&quot;);\">\n                <div class=\"u-container-layout u-valign-middle u-container-layout-5\"><\/div>\n              <\/div>\n              <div class=\"u-align-left u-container-align-left u-container-style u-layout-cell u-shape-rectangle u-size-30 u-layout-cell-6\">\n                <div class=\"u-container-layout u-container-layout-6\">\n                  <h2 class=\"u-text u-text-palette-2-base u-text-7\"> Indoor Kettenreaktion<\/h2>\n                  <p class=\"u-text u-text-8\"> Die Kettenreaktion ist ein Indoor-Teamevent, das Zusammenarbeit und Kreativit\u00e4t f\u00f6rdert. Gemeinsam baut ihr eine Maschine, die symbolisch zeigt, was ihr als Team erreichen k\u00f6nnt. Jede kleine Gruppe arbeitet an einer Station und gestaltet mit verschiedenen Materialien wie Pendeln, Hebeln oder B\u00e4llen einen Dominoeffekt. Ziel ist es, Bewegungen nahtlos an das n\u00e4chste Glied der Kette weiterzugeben. <br> Dabei sind Erfindergeist, Planung und Teamwork gefragt. Sobald alle Stationen verbunden sind, folgt das gro\u00dfe Finale: Schafft es der Impuls, die gesamte Kette zu durchlaufen? Das Ergebnis zeigt die St\u00e4rke eurer Zusammenarbeit und sorgt f\u00fcr Begeisterung in einem Erlebnis, das einfach Spa\u00df macht.<br>\n                  <\/p>\n                <\/div>\n              <\/div>\n            <\/div>\n          <\/div>\n        <\/div>\n      <\/div>\n    <\/section>\n    \n    \n    \n    \n    \n    \n  \n<\/div>","protected":false},"excerpt":{"rendered":"<p>Outdoor Alternativen Entdecken Sie vielseitige Teamevents, die garantiert in Erinnerung bleiben! Ob spannende Outdoor-Abenteuer an der frischen Luft oder kreative Indoor-Alternativen bei schlechtem Wetter \u2013 hier finden Sie ma\u00dfgeschneiderte Erlebnisse, die Teamgeist, Spa\u00df und unvergessliche Momente verbinden. Kanutouren &amp; Kajaktouren Planen Sie ein Firmenevent mit Erlebnischarakter? Unsere Kanutouren in S\u00fcddeutschland, \u00d6sterreich und der Schweiz bieten [&hellip;]<\/p>\n","protected":false},"author":1,"featured_media":0,"parent":0,"menu_order":7,"comment_status":"closed","ping_status":"closed","template":"","meta":{"footnotes":""},"class_list":["post-121","page","type-page","status-publish","hentry"],"_links":{"self":[{"href":"https:\/\/laughing-wiles.93-90-200-180.plesk.page\/index.php\/wp-json\/wp\/v2\/pages\/121","targetHints":{"allow":["GET"]}}],"collection":[{"href":"https:\/\/laughing-wiles.93-90-200-180.plesk.page\/index.php\/wp-json\/wp\/v2\/pages"}],"about":[{"href":"https:\/\/laughing-wiles.93-90-200-180.plesk.page\/index.php\/wp-json\/wp\/v2\/types\/page"}],"author":[{"embeddable":true,"href":"https:\/\/laughing-wiles.93-90-200-180.plesk.page\/index.php\/wp-json\/wp\/v2\/users\/1"}],"replies":[{"embeddable":true,"href":"https:\/\/laughing-wiles.93-90-200-180.plesk.page\/index.php\/wp-json\/wp\/v2\/comments?post=121"}],"version-history":[{"count":1,"href":"https:\/\/laughing-wiles.93-90-200-180.plesk.page\/index.php\/wp-json\/wp\/v2\/pages\/121\/revisions"}],"predecessor-version":[{"id":137,"href":"https:\/\/laughing-wiles.93-90-200-180.plesk.page\/index.php\/wp-json\/wp\/v2\/pages\/121\/revisions\/137"}],"wp:attachment":[{"href":"https:\/\/laughing-wiles.93-90-200-180.plesk.page\/index.php\/wp-json\/wp\/v2\/media?parent=121"}],"curies":[{"name":"wp","href":"https:\/\/api.w.org\/{rel}","templated":true}]}}